{"id":372,"date":"2026-01-27T12:45:32","date_gmt":"2026-01-27T11:45:32","guid":{"rendered":"https:\/\/www.kulturazilina.sk\/?page_id=372"},"modified":"2026-02-26T12:56:06","modified_gmt":"2026-02-26T11:56:06","slug":"zverejnovanie","status":"publish","type":"page","link":"https:\/\/www.kulturazilina.sk\/en\/zverejnovanie\/","title":{"rendered":"Publication"},"content":{"rendered":"<div data-elementor-type=\"wp-page\" data-elementor-id=\"372\" class=\"elementor elementor-372\" data-elementor-post-type=\"page\">\n\t\t\t\t<div class=\"elementor-element elementor-element-0ac06af e-flex e-con-boxed e-con e-parent\" data-id=\"0ac06af\" data-element_type=\"container\" data-e-type=\"container\" data-settings=\"{&quot;background_background&quot;:&quot;classic&quot;}\">\n\t\t\t\t\t<div class=\"e-con-inner\">\n\t\t\t\t<div class=\"elementor-element elementor-element-d49d6a9 elementor-widget elementor-widget-heading\" data-id=\"d49d6a9\" data-element_type=\"widget\" data-e-type=\"widget\" data-widget_type=\"heading.default\">\n\t\t\t\t\t<h2 class=\"elementor-heading-title elementor-size-default\">Publication <br>pre rok 2026<\/h2>\t\t\t\t<\/div>\n\t\t\t\t\t<\/div>\n\t\t\t\t<\/div>\n\t\t<div class=\"elementor-element elementor-element-920ca94 e-flex e-con-boxed e-con e-parent\" data-id=\"920ca94\" data-element_type=\"container\" data-e-type=\"container\" data-settings=\"{&quot;background_background&quot;:&quot;classic&quot;}\">\n\t\t\t\t\t<div class=\"e-con-inner\">\n\t\t\t\t<div class=\"elementor-element elementor-element-8b41b58 elementor-widget elementor-widget-heading\" data-id=\"8b41b58\" data-element_type=\"widget\" data-e-type=\"widget\" data-widget_type=\"heading.default\">\n\t\t\t\t\t<h2 class=\"elementor-heading-title elementor-size-default\">Orders<\/h2>\t\t\t\t<\/div>\n\t\t\t\t<div class=\"elementor-element elementor-element-5897274 elementor-widget elementor-widget-html\" data-id=\"5897274\" data-element_type=\"widget\" data-e-type=\"widget\" data-widget_type=\"html.default\">\n\t\t\t\t\t<div style=\"width:100%; overflow:auto;\">\n  <iframe\n    data-src=\"https:\/\/docs.google.com\/spreadsheets\/d\/e\/2PACX-1vRpIeXZeQnXTOHLTBtBfutZAowBYbKJjyWHZ5z8Ju1i5Arzzlg6PCC6fU4C3aXfpztOeLPVRBhk60rU\/pubhtml?gid=0&amp;single=true&amp;widget=true&amp;headers=false\"\n    style=\"width:100%; height:80vh; border:0;\"\n   \n   src=\"data:image\/svg+xml;base64,PHN2ZyB3aWR0aD0iMSIgaGVpZ2h0PSIxIiB4bWxucz0iaHR0cDovL3d3dy53My5vcmcvMjAwMC9zdmciPjwvc3ZnPg==\" class=\"lazyload\" data-load-mode=\"1\"><\/iframe>\n<\/div>\n\t\t\t\t<\/div>\n\t\t\t\t<div class=\"elementor-element elementor-element-a298ca2 elementor-widget elementor-widget-heading\" data-id=\"a298ca2\" data-element_type=\"widget\" data-e-type=\"widget\" data-widget_type=\"heading.default\">\n\t\t\t\t\t<h2 class=\"elementor-heading-title elementor-size-default\">Invoices<\/h2>\t\t\t\t<\/div>\n\t\t\t\t<div class=\"elementor-element elementor-element-eaa3a39 elementor-widget elementor-widget-html\" data-id=\"eaa3a39\" data-element_type=\"widget\" data-e-type=\"widget\" data-widget_type=\"html.default\">\n\t\t\t\t\t<div style=\"width:100%; overflow:auto;\">\n  <iframe\n    data-src=\"https:\/\/docs.google.com\/spreadsheets\/d\/e\/2PACX-1vRpIeXZeQnXTOHLTBtBfutZAowBYbKJjyWHZ5z8Ju1i5Arzzlg6PCC6fU4C3aXfpztOeLPVRBhk60rU\/pubhtml?gid=624842085&amp;single=true&amp;widget=true&amp;headers=false\"\n    style=\"width:100%; height:80vh; border:0;\"\n   \n   src=\"data:image\/svg+xml;base64,PHN2ZyB3aWR0aD0iMSIgaGVpZ2h0PSIxIiB4bWxucz0iaHR0cDovL3d3dy53My5vcmcvMjAwMC9zdmciPjwvc3ZnPg==\" class=\"lazyload\" data-load-mode=\"1\"><\/iframe>\n<\/div>\n\t\t\t\t<\/div>\n\t\t\t\t<div class=\"elementor-element elementor-element-ee5df3f elementor-widget elementor-widget-heading\" data-id=\"ee5df3f\" data-element_type=\"widget\" data-e-type=\"widget\" data-widget_type=\"heading.default\">\n\t\t\t\t\t<h2 class=\"elementor-heading-title elementor-size-default\">Contracts<\/h2>\t\t\t\t<\/div>\n\t\t\t\t<div class=\"elementor-element elementor-element-40e4047 elementor-widget elementor-widget-button\" data-id=\"40e4047\" data-element_type=\"widget\" data-e-type=\"widget\" data-widget_type=\"button.default\">\n\t\t\t\t\t\t\t\t\t\t<a class=\"elementor-button elementor-button-link elementor-size-sm\" href=\"https:\/\/www.crz.gov.sk\/2171273-sk\/centralny-register-zmluv\/?art_zs2=&#038;art_predmet=&#038;art_ico=&#038;art_suma_spolu_od=&#038;art_suma_spolu_do=&#038;art_datum_zverejnene_od=&#038;art_datum_zverejnene_do=&#038;art_rezort=0&#038;art_zs1=Mestsk%C3%A1+kult%C3%BAra+%C5%BDilina&#038;nazov=&#038;art_ico1=&#038;odoslat=&#038;ID=2171273&#038;frm_id_frm_filter_3=6978aff19bf90&#038;csrt=13541841673878860124&#038;undefined=undefined&#038;undefined=undefined&#038;undefined=undefined&#038;undefined=undefined\" target=\"_blank\" rel=\"noopener\">\n\t\t\t\t\t\t<span class=\"elementor-button-content-wrapper\">\n\t\t\t\t\t\t\t\t\t<span class=\"elementor-button-text\">Central Register of Contracts<\/span>\n\t\t\t\t\t<\/span>\n\t\t\t\t\t<\/a>\n\t\t\t\t\t\t\t\t<\/div>\n\t\t\t\t\t<\/div>\n\t\t\t\t<\/div>\n\t\t\t\t<\/div>","protected":false},"excerpt":{"rendered":"<p>Zverej\u0148ovanie pre rok 2026 Objedn\u00e1vky Fakt\u00fary Zmluvy Centr\u00e1lny register zml\u00fav<\/p>","protected":false},"author":1,"featured_media":0,"parent":0,"menu_order":0,"comment_status":"closed","ping_status":"closed","template":"elementor_header_footer","meta":{"_acf_changed":false,"footnotes":""},"class_list":["post-372","page","type-page","status-publish","hentry"],"acf":[],"_links":{"self":[{"href":"https:\/\/www.kulturazilina.sk\/en\/wp-json\/wp\/v2\/pages\/372","targetHints":{"allow":["GET"]}}],"collection":[{"href":"https:\/\/www.kulturazilina.sk\/en\/wp-json\/wp\/v2\/pages"}],"about":[{"href":"https:\/\/www.kulturazilina.sk\/en\/wp-json\/wp\/v2\/types\/page"}],"author":[{"embeddable":true,"href":"https:\/\/www.kulturazilina.sk\/en\/wp-json\/wp\/v2\/users\/1"}],"replies":[{"embeddable":true,"href":"https:\/\/www.kulturazilina.sk\/en\/wp-json\/wp\/v2\/comments?post=372"}],"version-history":[{"count":70,"href":"https:\/\/www.kulturazilina.sk\/en\/wp-json\/wp\/v2\/pages\/372\/revisions"}],"predecessor-version":[{"id":1579,"href":"https:\/\/www.kulturazilina.sk\/en\/wp-json\/wp\/v2\/pages\/372\/revisions\/1579"}],"wp:attachment":[{"href":"https:\/\/www.kulturazilina.sk\/en\/wp-json\/wp\/v2\/media?parent=372"}],"curies":[{"name":"wp","href":"https:\/\/api.w.org\/{rel}","templated":true}]}}