{"id":1859,"date":"2026-03-07T08:48:32","date_gmt":"2026-03-07T07:48:32","guid":{"rendered":"https:\/\/www.kulturazilina.sk\/?page_id=1859"},"modified":"2026-03-07T09:04:25","modified_gmt":"2026-03-07T08:04:25","slug":"krks","status":"publish","type":"page","link":"https:\/\/www.kulturazilina.sk\/en\/krks\/","title":{"rendered":"Krks"},"content":{"rendered":"<div data-elementor-type=\"wp-page\" data-elementor-id=\"1859\" class=\"elementor elementor-1859\" data-elementor-post-type=\"page\">\n\t\t\t\t<div class=\"elementor-element elementor-element-50c4976 e-flex e-con-boxed e-con e-parent\" data-id=\"50c4976\" data-element_type=\"container\" data-e-type=\"container\">\n\t\t\t\t\t<div class=\"e-con-inner\">\n\t\t<div class=\"elementor-element elementor-element-ee27eaf e-con-full e-flex e-con e-child\" data-id=\"ee27eaf\" data-element_type=\"container\" data-e-type=\"container\" data-settings=\"{&quot;background_background&quot;:&quot;classic&quot;}\">\n\t\t\t\t<\/div>\n\t\t<div class=\"elementor-element elementor-element-c578799 e-con-full e-flex e-con e-child\" data-id=\"c578799\" data-element_type=\"container\" data-e-type=\"container\" data-settings=\"{&quot;background_background&quot;:&quot;classic&quot;}\">\n\t\t\t\t<div class=\"elementor-element elementor-element-7c9bad7 elementor-widget elementor-widget-heading\" data-id=\"7c9bad7\" data-element_type=\"widget\" data-e-type=\"widget\" data-widget_type=\"heading.default\">\n\t\t\t\t\t<h2 class=\"elementor-heading-title elementor-size-default\">Kult\u00fara na dosah jedn\u00e9ho kliknutia<\/h2>\t\t\t\t<\/div>\n\t\t\t\t<div class=\"elementor-element elementor-element-b28cf4b elementor-widget__width-initial elementor-widget elementor-widget-text-editor\" data-id=\"b28cf4b\" data-element_type=\"widget\" data-e-type=\"widget\" data-widget_type=\"text-editor.default\">\n\t\t\t\t\t\t\t\t\t<p>Krajsk\u00e9 kult\u00farne stredisko v \u017diline vstupuje do digit\u00e1lnej \u00e9ry s mobilnou aplik\u00e1ciou <strong>KRKS \u017dilina<\/strong>, ktor\u00e1 prin\u00e1\u0161a kult\u00farny program a in\u0161titucion\u00e1lne novinky priamo do r\u00fak n\u00e1v\u0161tevn\u00edkov.<\/p>\t\t\t\t\t\t\t\t<\/div>\n\t\t\t\t<div class=\"elementor-element elementor-element-7dbce91 elementor-widget elementor-widget-heading\" data-id=\"7dbce91\" data-element_type=\"widget\" data-e-type=\"widget\" data-widget_type=\"heading.default\">\n\t\t\t\t\t<h2 class=\"elementor-heading-title elementor-size-default\"><a href=\"https:\/\/play.google.com\/store\/apps\/details?id=com.creamedia.krks\" target=\"_blank\" rel=\"noopener\">Stiahni mobiln\u00fa aplik\u00e1ciu KRKS \u017dilina na GOOGLE PLAY<\/a><\/h2>\t\t\t\t<\/div>\n\t\t\t\t<div class=\"elementor-element elementor-element-277ec9d elementor-widget elementor-widget-heading\" data-id=\"277ec9d\" data-element_type=\"widget\" data-e-type=\"widget\" data-widget_type=\"heading.default\">\n\t\t\t\t\t<h2 class=\"elementor-heading-title elementor-size-default\"><a href=\"https:\/\/apps.apple.com\/sk\/app\/krks-%C5%BEilina\/id6751834490\" target=\"_blank\" rel=\"noopener\">Stiahni mobiln\u00fa aplik\u00e1ciu KRKS \u017dILINA na APP STORE<\/a><\/h2>\t\t\t\t<\/div>\n\t\t\t\t<div class=\"elementor-element elementor-element-b0eda1c elementor-widget__width-initial elementor-widget elementor-widget-text-editor\" data-id=\"b0eda1c\" data-element_type=\"widget\" data-e-type=\"widget\" data-widget_type=\"text-editor.default\">\n\t\t\t\t\t\t\t\t\t<p>Aplik\u00e1cia\u00a0<strong>KRKS \u017dilina<\/strong>\u00a0pon\u00faka pou\u017e\u00edvate\u013eom preh\u013eadn\u00fd a intuit\u00edvny sp\u00f4sob, ako ma\u0165 kult\u00farne dianie st\u00e1le na dosah. Obsahuje\u00a0<strong>kompletn\u00fd program pripravovan\u00fdch aj uplynul\u00fdch podujat\u00ed<\/strong>\u00a0spolu s detailn\u00fdmi inform\u00e1ciami o ka\u017edom z nich, pri\u010dom si n\u00e1v\u0161tevn\u00edci m\u00f4\u017eu\u00a0<strong>jednoducho ulo\u017ei\u0165 term\u00edn do vlastn\u00e9ho kalend\u00e1ra<\/strong>. Praktick\u00fd\u00a0<strong>kalend\u00e1r udalost\u00ed<\/strong>\u00a0umo\u017e\u0148uje r\u00fdchlu orient\u00e1ciu pod\u013ea d\u00e1tumu, k\u00fdm\u00a0<strong>notifik\u00e1cie<\/strong>\u00a0upozornia na aktu\u00e1lne novinky a zmeny v programe.<\/p><p>S\u00fa\u010das\u0165ou aplik\u00e1cie je aj\u00a0<strong>gal\u00e9ria fotografi\u00ed<\/strong>\u00a0z podujat\u00ed a sekcia\u00a0<strong>kontakty a inform\u00e1cie<\/strong>, ktor\u00e1 pon\u00faka z\u00e1kladn\u00e9 \u00fadaje o \u010dinnosti a aktivit\u00e1ch Krajsk\u00e9ho kult\u00farneho strediska v\u00a0\u017diline.<\/p><p>Aplik\u00e1cia je dostupn\u00e1 v\u00a0<strong>slovenskom a po\u013eskom jazyku<\/strong>. V\u010faka modern\u00e9mu dizajnu je jednoduch\u00e1, preh\u013eadn\u00e1 a prisp\u00f4soben\u00e1 potreb\u00e1m n\u00e1v\u0161tevn\u00edkov v\u0161etk\u00fdch vekov\u00fdch kateg\u00f3ri\u00ed.<\/p>\t\t\t\t\t\t\t\t<\/div>\n\t\t\t\t<\/div>\n\t\t\t\t\t<\/div>\n\t\t\t\t<\/div>\n\t\t\t\t<\/div>","protected":false},"excerpt":{"rendered":"<p>Kult\u00fara na dosah jedn\u00e9ho kliknutia Krajsk\u00e9 kult\u00farne stredisko v \u017diline vstupuje do digit\u00e1lnej \u00e9ry s mobilnou aplik\u00e1ciou KRKS \u017dilina, ktor\u00e1 prin\u00e1\u0161a kult\u00farny program a in\u0161titucion\u00e1lne novinky priamo do r\u00fak n\u00e1v\u0161tevn\u00edkov. [&hellip;]<\/p>\n","protected":false},"author":1,"featured_media":0,"parent":0,"menu_order":0,"comment_status":"closed","ping_status":"closed","template":"elementor_header_footer","meta":{"_acf_changed":false,"footnotes":""},"class_list":["post-1859","page","type-page","status-publish","hentry"],"acf":[],"_links":{"self":[{"href":"https:\/\/www.kulturazilina.sk\/en\/wp-json\/wp\/v2\/pages\/1859","targetHints":{"allow":["GET"]}}],"collection":[{"href":"https:\/\/www.kulturazilina.sk\/en\/wp-json\/wp\/v2\/pages"}],"about":[{"href":"https:\/\/www.kulturazilina.sk\/en\/wp-json\/wp\/v2\/types\/page"}],"author":[{"embeddable":true,"href":"https:\/\/www.kulturazilina.sk\/en\/wp-json\/wp\/v2\/users\/1"}],"replies":[{"embeddable":true,"href":"https:\/\/www.kulturazilina.sk\/en\/wp-json\/wp\/v2\/comments?post=1859"}],"version-history":[{"count":13,"href":"https:\/\/www.kulturazilina.sk\/en\/wp-json\/wp\/v2\/pages\/1859\/revisions"}],"predecessor-version":[{"id":1873,"href":"https:\/\/www.kulturazilina.sk\/en\/wp-json\/wp\/v2\/pages\/1859\/revisions\/1873"}],"wp:attachment":[{"href":"https:\/\/www.kulturazilina.sk\/en\/wp-json\/wp\/v2\/media?parent=1859"}],"curies":[{"name":"wp","href":"https:\/\/api.w.org\/{rel}","templated":true}]}}