{"id":1789,"date":"2026-03-05T14:41:48","date_gmt":"2026-03-05T13:41:48","guid":{"rendered":"https:\/\/www.kulturazilina.sk\/?page_id=1789"},"modified":"2026-03-05T17:17:16","modified_gmt":"2026-03-05T16:17:16","slug":"kariera","status":"publish","type":"page","link":"https:\/\/www.kulturazilina.sk\/en\/kariera\/","title":{"rendered":"Kariera"},"content":{"rendered":"<div data-elementor-type=\"wp-page\" data-elementor-id=\"1789\" class=\"elementor elementor-1789\" data-elementor-post-type=\"page\">\n\t\t\t\t<div class=\"elementor-element elementor-element-7a3f4be e-flex e-con-boxed e-con e-parent\" data-id=\"7a3f4be\" data-element_type=\"container\" data-e-type=\"container\" data-settings=\"{&quot;background_background&quot;:&quot;classic&quot;}\">\n\t\t\t\t\t<div class=\"e-con-inner\">\n\t\t\t\t<div class=\"elementor-element elementor-element-0ead2c5 elementor-widget elementor-widget-heading\" data-id=\"0ead2c5\" data-element_type=\"widget\" data-e-type=\"widget\" data-widget_type=\"heading.default\">\n\t\t\t\t\t<h2 class=\"elementor-heading-title elementor-size-default\">Kari\u00e9ra<\/h2>\t\t\t\t<\/div>\n\t\t\t\t\t<\/div>\n\t\t\t\t<\/div>\n\t\t<div class=\"elementor-element elementor-element-127c62e e-flex e-con-boxed e-con e-parent\" data-id=\"127c62e\" data-element_type=\"container\" data-e-type=\"container\">\n\t\t\t\t\t<div class=\"e-con-inner\">\n\t\t\t\t<div class=\"elementor-element elementor-element-d18f393 elementor-widget elementor-widget-n-accordion\" data-id=\"d18f393\" data-element_type=\"widget\" data-e-type=\"widget\" data-settings=\"{&quot;default_state&quot;:&quot;expanded&quot;,&quot;max_items_expended&quot;:&quot;one&quot;,&quot;n_accordion_animation_duration&quot;:{&quot;unit&quot;:&quot;ms&quot;,&quot;size&quot;:400,&quot;sizes&quot;:[]}}\" data-widget_type=\"nested-accordion.default\">\n\t\t\t\t\t\t\t<div class=\"e-n-accordion\" aria-label=\"Accordion. Open links with Enter or Space, close with Escape, and navigate with Arrow Keys\">\n\t\t\t\t\t\t<details id=\"e-n-accordion-item-2190\" class=\"e-n-accordion-item\" open>\n\t\t\t\t<summary class=\"e-n-accordion-item-title\" data-accordion-index=\"1\" tabindex=\"0\" aria-expanded=\"true\" aria-controls=\"e-n-accordion-item-2190\" >\n\t\t\t\t\t<span class='e-n-accordion-item-title-header'><div class=\"e-n-accordion-item-title-text\"> koordin\u00e1tor pr\u00e1ce s ml\u00e1de\u017eou <\/div><\/span>\n\t\t\t\t\t\t\t<span class='e-n-accordion-item-title-icon'>\n\t\t\t<span class='e-opened' ><svg aria-hidden=\"true\" class=\"e-font-icon-svg e-fas-people-arrows\" viewbox=\"0 0 576 512\" xmlns=\"http:\/\/www.w3.org\/2000\/svg\"><path d=\"M96,128A64,64,0,1,0,32,64,64,64,0,0,0,96,128Zm0,176.08a44.11,44.11,0,0,1,13.64-32L181.77,204c1.65-1.55,3.77-2.31,5.61-3.57A63.91,63.91,0,0,0,128,160H64A64,64,0,0,0,0,224v96a32,32,0,0,0,32,32V480a32,32,0,0,0,32,32h64a32,32,0,0,0,32-32V383.61l-50.36-47.53A44.08,44.08,0,0,1,96,304.08ZM480,128a64,64,0,1,0-64-64A64,64,0,0,0,480,128Zm32,32H448a63.91,63.91,0,0,0-59.38,40.42c1.84,1.27,4,2,5.62,3.59l72.12,68.06a44.37,44.37,0,0,1,0,64L416,383.62V480a32,32,0,0,0,32,32h64a32,32,0,0,0,32-32V352a32,32,0,0,0,32-32V224A64,64,0,0,0,512,160ZM444.4,295.34l-72.12-68.06A12,12,0,0,0,352,236v36H224V236a12,12,0,0,0-20.28-8.73L131.6,295.34a12.4,12.4,0,0,0,0,17.47l72.12,68.07A12,12,0,0,0,224,372.14V336H352v36.14a12,12,0,0,0,20.28,8.74l72.12-68.07A12.4,12.4,0,0,0,444.4,295.34Z\"><\/path><\/svg><\/span>\n\t\t\t<span class='e-closed'><svg aria-hidden=\"true\" class=\"e-font-icon-svg e-fas-people-arrows\" viewbox=\"0 0 576 512\" xmlns=\"http:\/\/www.w3.org\/2000\/svg\"><path d=\"M96,128A64,64,0,1,0,32,64,64,64,0,0,0,96,128Zm0,176.08a44.11,44.11,0,0,1,13.64-32L181.77,204c1.65-1.55,3.77-2.31,5.61-3.57A63.91,63.91,0,0,0,128,160H64A64,64,0,0,0,0,224v96a32,32,0,0,0,32,32V480a32,32,0,0,0,32,32h64a32,32,0,0,0,32-32V383.61l-50.36-47.53A44.08,44.08,0,0,1,96,304.08ZM480,128a64,64,0,1,0-64-64A64,64,0,0,0,480,128Zm32,32H448a63.91,63.91,0,0,0-59.38,40.42c1.84,1.27,4,2,5.62,3.59l72.12,68.06a44.37,44.37,0,0,1,0,64L416,383.62V480a32,32,0,0,0,32,32h64a32,32,0,0,0,32-32V352a32,32,0,0,0,32-32V224A64,64,0,0,0,512,160ZM444.4,295.34l-72.12-68.06A12,12,0,0,0,352,236v36H224V236a12,12,0,0,0-20.28-8.73L131.6,295.34a12.4,12.4,0,0,0,0,17.47l72.12,68.07A12,12,0,0,0,224,372.14V336H352v36.14a12,12,0,0,0,20.28,8.74l72.12-68.07A12.4,12.4,0,0,0,444.4,295.34Z\"><\/path><\/svg><\/span>\n\t\t<\/span>\n\n\t\t\t\t\t\t<\/summary>\n\t\t\t\t<div role=\"region\" aria-labelledby=\"e-n-accordion-item-2190\" class=\"elementor-element elementor-element-929143d e-con-full e-flex e-con e-child\" data-id=\"929143d\" data-element_type=\"container\" data-e-type=\"container\">\n\t\t\t\t<div class=\"elementor-element elementor-element-7692302 elementor-widget elementor-widget-text-editor\" data-id=\"7692302\" data-element_type=\"widget\" data-e-type=\"widget\" data-widget_type=\"text-editor.default\">\n\t\t\t\t\t\t\t\t\t<p><strong>Pr\u00edspevkov\u00e1 organiz\u00e1cia mesta Mestsk\u00e1 kult\u00fara \u017dilina <\/strong><strong>vyhlasuje v\u00fdberov\u00e9 konanie na <\/strong><strong>1 vo\u013en\u00e9 pracovn\u00e9 miesto: koordin\u00e1tor pr\u00e1ce s ml\u00e1de\u017eou<\/strong><\/p><p><strong>Predpokladan\u00fd term\u00edn n\u00e1stupu:<\/strong> apr\u00edl 2026<\/p><p><strong>\u00dav\u00e4zok: <\/strong>37,5 hod t\u00fd\u017edenne (1,0 pracovn\u00fd \u00fav\u00e4zok)<\/p><p><strong>Z\u00e1kladn\u00e9 po\u017eiadavky:<\/strong><\/p><ul><li>stredo\u0161kolsk\u00e9 vzdelanie ukon\u010den\u00e9 maturitou, vysoko\u0161kolsk\u00e9 vzdelanie I. alebo II. stup\u0148a; vzdelanie spolo\u010densk\u00e9ho, pr\u00edp. humanitn\u00e9ho zamerania je v\u00fdhodou,<\/li><li>sk\u00fasenosti v\u00a0oblasti: pr\u00e1ce s ml\u00e1de\u017eou, dobrovo\u013en\u00edcka \u010dinnos\u0165, akt\u00edvna particip\u00e1cia v ml\u00e1de\u017en\u00edckom parlamente, \u0161kolskom parlamente alebo inom obdobnom subjekte,<\/li><li>akt\u00edvna znalos\u0165 anglick\u00e9ho jazyka, slovom aj p\u00edsmom (B1), pr\u00e1ca s po\u010d\u00edta\u010dom (Word, Excel, Outlook, Power Point a in\u00e9),<\/li><li>flexibilita, schopnos\u0165 pracova\u0165 v z\u00e1\u0165a\u017eov\u00fdch situ\u00e1ci\u00e1ch, zodpovednos\u0165, samostatnos\u0165,<\/li><li>pozit\u00edvny postoj k mlad\u00fdm a ochota spolupracova\u0165 s r\u00f4znymi skupinami mlad\u00fdch \u013eud\u00ed s oh\u013eadom na vek, orient\u00e1ciu, n\u00e1bo\u017eenstvo, p\u00f4vod,<\/li><li>schopnos\u0165 motivova\u0165 a stme\u013eova\u0165 z\u00e1stupcov rozli\u010dn\u00fdch komun\u00edt, schopnos\u0165 komunikova\u0165 s r\u00f4znymi cie\u013eov\u00fdmi skupinami s empatiou a\u00a0porozumen\u00edm,<\/li><li>schopnos\u0165 koncep\u010dn\u00e9ho uva\u017eovania, t.j. prep\u00e1jane pr\u00e1ce s ml\u00e1de\u017eou s in\u00fdmi oblas\u0165ami (medzisektorov\u00e1 spolupr\u00e1ca),<\/li><li>bez\u00fahonnos\u0165.<\/li><\/ul><p><strong>Mzdov\u00e9 podmienky:<\/strong><\/p><ul><li>mzda 1\u00a0100 EUR\/mesiac brutto,<\/li><li>mo\u017enos\u0165 prizna\u0165 odmenu dvakr\u00e1t za kalend\u00e1rny rok v\u00a0z\u00e1vislosti od \u00farovne plnenia pracovn\u00fdch \u00faloh a\u00a0mo\u017enos\u0165 prizna\u0165 mimoriadnu odmenu,<\/li><li>flexibiln\u00fd pracovn\u00fd \u010das,<\/li><li>n\u00e1rok na dovolenku 5\u00a0dn\u00ed nad r\u00e1mec Z\u00e1konn\u00edka pr\u00e1ce.<\/li><\/ul><p><strong>Zoznam po\u017eadovan\u00fdch dokladov:<\/strong><\/p><ul><li>\u017eiados\u0165 o\u00a0\u00fa\u010das\u0165 vo v\u00fdberovom konan\u00ed s\u00a0uveden\u00edm n\u00e1zvu poz\u00edcie a s\u00a0kontaktn\u00fdmi \u00fadajmi,<\/li><li>stru\u010dn\u00fd osobn\u00fd a profesijn\u00fd \u017eivotopis,<\/li><li>motiva\u010dn\u00fd list,<\/li><li>k \u017eiadosti je potrebn\u00e9 pripoji\u0165 p\u00edsomn\u00fd s\u00fahlas uch\u00e1dza\u010da so spracovan\u00edm svojich osobn\u00fdch \u00fadajov pre potreby v\u00fdberov\u00e9ho konania v zmysle z\u00e1kona NR SR \u010d.18\/2018 Z. z. o ochrane osobn\u00fdch \u00fadajov a o zmene a doplnen\u00ed niektor\u00fdch z\u00e1konov. S\u00fahlas so sprac\u00favan\u00edm osobn\u00fdch \u00fadajov je mo\u017en\u00e9 kedyko\u013evek odvola\u0165, inak \u010das platnosti s\u00fahlasu skon\u010d\u00ed ukon\u010den\u00edm v\u00fdberov\u00e9ho konania. Po uplynut\u00ed tejto doby bud\u00fa va\u0161e osobn\u00e9 \u00fadaje vymazan\u00e9.<\/li><\/ul><p>Bli\u017e\u0161ie inform\u00e1cie o Va\u0161ich pr\u00e1vach ako dotknutej osoby n\u00e1jdete na ofici\u00e1lnom webovom s\u00eddle mesta \u017dilina\u00a0<a href=\"http:\/\/www.kulturazilina.sk\/en\/\">www.kulturazilina.sk<\/a>\u00a0 v sekcii <a href=\"https:\/\/www.kulturazilina.sk\/en\/ochrana-osobnych-udajov\/\">Ochrana osobn\u00fdch \u00fadajov<\/a> \u2013 Inform\u00e1cia o spracovan\u00ed osobn\u00fdch \u00fadajov.<\/p><p>\u017diados\u0165 spolu s\u00a0po\u017eadovan\u00fdmi dokladmi je potrebn\u00e9 doru\u010di\u0165 po\u0161tou alebo osobne na adresu: <strong>City culture \u017dilina<\/strong>, Horn\u00fd Val 67\/24, 010 01 \u017dilina alebo elektronickou po\u0161tou na adresu: <a href=\"mailto:riaditel@kulturazilina.sk\">riaditel@kulturazilina.sk<\/a><\/p><p><strong>Na ob\u00e1lku uve\u010fte: \u201eV\u00fdberov\u00e9 konanie na poz\u00edciu koordin\u00e1tor pr\u00e1ce s ml\u00e1de\u017eou\u201c<\/strong><\/p><p>Term\u00edn v\u00fdberov\u00e9ho konania bude <u>vybran\u00fdm uch\u00e1dza\u010dom<\/u> ozn\u00e1men\u00fd p\u00edsomne elektronickou po\u0161tou. Vyhlasovate\u013e si vyhradzuje pr\u00e1vo nezaradi\u0165 do v\u00fdberov\u00e9ho konania uch\u00e1dza\u010dov, ktor\u00ed nesp\u013a\u0148aj\u00fa podmienky v\u00fdberov\u00e9ho konania.<\/p><p>\u017diados\u0165 je potrebn\u00e9 doru\u010di\u0165\u00a0<strong>najnesk\u00f4r 22.03.2026<\/strong>.<\/p>\t\t\t\t\t\t\t\t<\/div>\n\t\t\t\t<\/div>\n\t\t\t\t\t<\/details>\n\t\t\t\t\t<\/div>\n\t\t\t\t\t\t<\/div>\n\t\t\t\t\t<\/div>\n\t\t\t\t<\/div>\n\t\t\t\t<\/div>","protected":false},"excerpt":{"rendered":"<p>Kari\u00e9ra koordin\u00e1tor pr\u00e1ce s ml\u00e1de\u017eou Pr\u00edspevkov\u00e1 organiz\u00e1cia mesta Mestsk\u00e1 kult\u00fara \u017dilina vyhlasuje v\u00fdberov\u00e9 konanie na 1 vo\u013en\u00e9 pracovn\u00e9 miesto: koordin\u00e1tor pr\u00e1ce s ml\u00e1de\u017eou Predpokladan\u00fd term\u00edn n\u00e1stupu: apr\u00edl 2026 \u00dav\u00e4zok: 37,5 [&hellip;]<\/p>\n","protected":false},"author":1,"featured_media":0,"parent":0,"menu_order":0,"comment_status":"closed","ping_status":"closed","template":"elementor_header_footer","meta":{"_acf_changed":false,"footnotes":""},"class_list":["post-1789","page","type-page","status-publish","hentry"],"acf":[],"_links":{"self":[{"href":"https:\/\/www.kulturazilina.sk\/en\/wp-json\/wp\/v2\/pages\/1789","targetHints":{"allow":["GET"]}}],"collection":[{"href":"https:\/\/www.kulturazilina.sk\/en\/wp-json\/wp\/v2\/pages"}],"about":[{"href":"https:\/\/www.kulturazilina.sk\/en\/wp-json\/wp\/v2\/types\/page"}],"author":[{"embeddable":true,"href":"https:\/\/www.kulturazilina.sk\/en\/wp-json\/wp\/v2\/users\/1"}],"replies":[{"embeddable":true,"href":"https:\/\/www.kulturazilina.sk\/en\/wp-json\/wp\/v2\/comments?post=1789"}],"version-history":[{"count":25,"href":"https:\/\/www.kulturazilina.sk\/en\/wp-json\/wp\/v2\/pages\/1789\/revisions"}],"predecessor-version":[{"id":1816,"href":"https:\/\/www.kulturazilina.sk\/en\/wp-json\/wp\/v2\/pages\/1789\/revisions\/1816"}],"wp:attachment":[{"href":"https:\/\/www.kulturazilina.sk\/en\/wp-json\/wp\/v2\/media?parent=1789"}],"curies":[{"name":"wp","href":"https:\/\/api.w.org\/{rel}","templated":true}]}}