{"id":1434,"date":"2026-02-25T15:46:05","date_gmt":"2026-02-25T14:46:05","guid":{"rendered":"https:\/\/www.kulturazilina.sk\/?page_id=1434"},"modified":"2026-04-28T07:26:00","modified_gmt":"2026-04-28T05:26:00","slug":"partneri","status":"publish","type":"page","link":"https:\/\/www.kulturazilina.sk\/en\/partneri\/","title":{"rendered":"Partneri"},"content":{"rendered":"<div data-elementor-type=\"wp-page\" data-elementor-id=\"1434\" class=\"elementor elementor-1434\" data-elementor-post-type=\"page\">\n\t\t\t\t<div class=\"elementor-element elementor-element-ec975af e-flex e-con-boxed e-con e-parent\" data-id=\"ec975af\" data-element_type=\"container\" data-e-type=\"container\" data-settings=\"{&quot;background_background&quot;:&quot;classic&quot;}\">\n\t\t\t\t\t<div class=\"e-con-inner\">\n\t\t\t\t<div class=\"elementor-element elementor-element-054a4a2 elementor-widget elementor-widget-heading\" data-id=\"054a4a2\" data-element_type=\"widget\" data-e-type=\"widget\" data-widget_type=\"heading.default\">\n\t\t\t\t\t<h2 class=\"elementor-heading-title elementor-size-default\">Partneri<\/h2>\t\t\t\t<\/div>\n\t\t\t\t\t<\/div>\n\t\t\t\t<\/div>\n\t\t<div class=\"elementor-element elementor-element-6241887 e-flex e-con-boxed e-con e-parent\" data-id=\"6241887\" data-element_type=\"container\" data-e-type=\"container\">\n\t\t\t\t\t<div class=\"e-con-inner\">\n\t\t\t\t<div class=\"elementor-element elementor-element-e4655cb elementor-widget elementor-widget-heading\" data-id=\"e4655cb\" data-element_type=\"widget\" data-e-type=\"widget\" data-widget_type=\"heading.default\">\n\t\t\t\t\t<h2 class=\"elementor-heading-title elementor-size-default\">Gener\u00e1lni partneri\n<\/h2>\t\t\t\t<\/div>\n\t\t\t\t\t<\/div>\n\t\t\t\t<\/div>\n\t\t<div class=\"elementor-element elementor-element-922f3c3 elementor-hidden-widescreen elementor-hidden-desktop elementor-hidden-laptop elementor-hidden-tablet_extra elementor-hidden-tablet elementor-hidden-mobile_extra elementor-hidden-mobile e-flex e-con-boxed e-con e-parent\" data-id=\"922f3c3\" data-element_type=\"container\" data-e-type=\"container\">\n\t\t\t\t\t<div class=\"e-con-inner\">\n\t\t<div class=\"elementor-element elementor-element-668675e e-con-full e-flex e-con e-child\" data-id=\"668675e\" data-element_type=\"container\" data-e-type=\"container\" data-settings=\"{&quot;background_background&quot;:&quot;classic&quot;}\">\n\t\t\t\t<\/div>\n\t\t<div class=\"elementor-element elementor-element-f1321e2 e-con-full e-flex e-con e-child\" data-id=\"f1321e2\" data-element_type=\"container\" data-e-type=\"container\">\n\t\t\t\t<div class=\"elementor-element elementor-element-3ad2f6a elementor-widget__width-initial elementor-widget elementor-widget-text-editor\" data-id=\"3ad2f6a\" data-element_type=\"widget\" data-e-type=\"widget\" data-widget_type=\"text-editor.default\">\n\t\t\t\t\t\t\t\t\t<p>Final CD je stabiln\u00e1 slovensk\u00e1 spolo\u010dnos\u0165 s dlhoro\u010dn\u00fdm p\u00f4soben\u00edm v oblasti predaja a servisu automobilov. Na trhu p\u00f4sob\u00ed u\u017e 33 rokov a profiluje sa ako najv\u00e4\u010d\u0161\u00ed slovensk\u00fd predajca automobilov. Z\u00e1rove\u0148 zastupuje viacer\u00e9 renomovan\u00e9 automobilov\u00e9 zna\u010dky a poskytuje komplexn\u00e9 slu\u017eby spojen\u00e9 s mobilitou a starostlivos\u0165ou o vozidl\u00e1. Jej postavenie stoj\u00ed na profesionalite, sk\u00fasenostiach a \u0161irokom z\u00e1zem\u00ed, ktor\u00e9 buduje naprie\u010d cel\u00fdm Slovenskom. Final CD tak predstavuje siln\u00e9ho a d\u00f4veryhodn\u00e9ho partnera s pevn\u00fdm miestom na slovenskom automobilovom trhu.<\/p>\t\t\t\t\t\t\t\t<\/div>\n\t\t\t\t<\/div>\n\t\t\t\t\t<\/div>\n\t\t\t\t<\/div>\n\t\t<div class=\"elementor-element elementor-element-e629ed6 elementor-hidden-widescreen elementor-hidden-desktop elementor-hidden-laptop elementor-hidden-tablet_extra elementor-hidden-tablet elementor-hidden-mobile_extra elementor-hidden-mobile e-flex e-con-boxed e-con e-parent\" data-id=\"e629ed6\" data-element_type=\"container\" data-e-type=\"container\">\n\t\t\t\t\t<div class=\"e-con-inner\">\n\t\t<div class=\"elementor-element elementor-element-647c8ec e-con-full e-flex e-con e-child\" data-id=\"647c8ec\" data-element_type=\"container\" data-e-type=\"container\" data-settings=\"{&quot;background_background&quot;:&quot;classic&quot;}\">\n\t\t\t\t<\/div>\n\t\t<div class=\"elementor-element elementor-element-618957c e-con-full e-flex e-con e-child\" data-id=\"618957c\" data-element_type=\"container\" data-e-type=\"container\">\n\t\t\t\t<div class=\"elementor-element elementor-element-eaa5e61 elementor-widget__width-initial elementor-widget elementor-widget-text-editor\" data-id=\"eaa5e61\" data-element_type=\"widget\" data-e-type=\"widget\" data-widget_type=\"text-editor.default\">\n\t\t\t\t\t\t\t\t\t<p>Hotel Boss v \u017diline predstavuje stabiln\u00e9 a overen\u00e9 z\u00e1zemie v centre mesta, ktor\u00e9 sp\u00e1ja praktickos\u0165 s pr\u00edjemn\u00fdm komfortom. V\u010faka svojej polohe priamo v centre pon\u00faka jednoduch\u00fa dostupnos\u0165 k historick\u00e9mu jadru mesta, slu\u017eb\u00e1m aj dopravn\u00fdm uzlom. S\u00fa\u010das\u0165ou jeho ponuky je ubytovanie s parkovan\u00edm, bezplatn\u00fdm Wi-Fi pripojen\u00edm a ra\u0148ajkami v cene, \u010do z neho rob\u00ed vhodn\u00fa vo\u013ebu pre pracovn\u00e9 aj kr\u00e1tkodob\u00e9 pobyty. Hotel z\u00e1rove\u0148 poskytuje konferen\u010dn\u00e9 a \u0161koliace priestory, \u010d\u00edm roz\u0161iruje svoje vyu\u017eitie aj pre firemn\u00e9 a spolo\u010densk\u00e9 stretnutia. Hotel Boss tak p\u00f4sob\u00ed ako spo\u013eahliv\u00fd partner mestsk\u00e9ho \u017eivota a prirodzen\u00e1 s\u00fa\u010das\u0165 centra \u017diliny.<\/p>\t\t\t\t\t\t\t\t<\/div>\n\t\t\t\t<\/div>\n\t\t\t\t\t<\/div>\n\t\t\t\t<\/div>\n\t\t<div class=\"elementor-element elementor-element-b6da32f elementor-hidden-widescreen elementor-hidden-desktop elementor-hidden-laptop elementor-hidden-tablet_extra elementor-hidden-tablet elementor-hidden-mobile_extra elementor-hidden-mobile e-flex e-con-boxed e-con e-parent\" data-id=\"b6da32f\" data-element_type=\"container\" data-e-type=\"container\">\n\t\t\t\t\t<div class=\"e-con-inner\">\n\t\t<div class=\"elementor-element elementor-element-887df78 e-con-full e-flex e-con e-child\" data-id=\"887df78\" data-element_type=\"container\" data-e-type=\"container\" data-settings=\"{&quot;background_background&quot;:&quot;classic&quot;}\">\n\t\t\t\t<\/div>\n\t\t<div class=\"elementor-element elementor-element-3a1c56d e-con-full e-flex e-con e-child\" data-id=\"3a1c56d\" data-element_type=\"container\" data-e-type=\"container\">\n\t\t\t\t<div class=\"elementor-element elementor-element-11bd113 elementor-widget__width-initial elementor-widget elementor-widget-text-editor\" data-id=\"11bd113\" data-element_type=\"widget\" data-e-type=\"widget\" data-widget_type=\"text-editor.default\">\n\t\t\t\t\t\t\t\t\t<p>Auto Becchi je stabiln\u00e1 \u017eilinsk\u00e1 spolo\u010dnos\u0165 p\u00f4sobiaca v oblasti predaja, servisu a mobility, ktor\u00e1 od svojho vzniku v roku 2009 postupne roz\u0161\u00edrila svoje p\u00f4sobenie naprie\u010d viacer\u00fdmi automobilov\u00fdmi zna\u010dkami. Vo svojom portf\u00f3liu dnes uv\u00e1dza 8 zna\u010diek a funguje ako ofici\u00e1lny predajca a servisn\u00e9 stredisko vybran\u00fdch zna\u010diek koncernu Stellantis, ako aj zna\u010diek Kia, Honda a OMODA JAECOO v \u017diline. Okrem predaja nov\u00fdch, predv\u00e1dzac\u00edch a jazden\u00fdch vozidiel poskytuje aj s\u00favisiace servisn\u00e9 slu\u017eby a autopo\u017ei\u010dov\u0148u. Jej postavenie stoj\u00ed na odbornom z\u00e1zem\u00ed, region\u00e1lnej ukotvenosti a dlhodobo budovanej d\u00f4vere z\u00e1kazn\u00edkov. Auto Becchi tak predstavuje siln\u00e9ho a spo\u013eahliv\u00e9ho partnera v oblasti automobilov\u00fdch slu\u017eieb v \u017diline a regi\u00f3ne.<\/p>\t\t\t\t\t\t\t\t<\/div>\n\t\t\t\t<\/div>\n\t\t\t\t\t<\/div>\n\t\t\t\t<\/div>\n\t\t<div class=\"elementor-element elementor-element-55fa469 e-grid e-con-boxed e-con e-parent\" data-id=\"55fa469\" data-element_type=\"container\" data-e-type=\"container\">\n\t\t\t\t\t<div class=\"e-con-inner\">\n\t\t\t\t<div class=\"elementor-element elementor-element-a08b6ff elementor-widget elementor-widget-image\" data-id=\"a08b6ff\" data-element_type=\"widget\" data-e-type=\"widget\" data-widget_type=\"image.default\">\n\t\t\t\t\t\t\t\t\t\t\t\t\t\t\t<img fetchpriority=\"high\" decoding=\"async\" width=\"900\" height=\"140\" src=\"https:\/\/www.kulturazilina.sk\/wp-content\/uploads\/2026\/04\/autobecchi.png\" class=\"attachment-full size-full wp-image-2548\" alt=\"\" srcset=\"https:\/\/www.kulturazilina.sk\/wp-content\/uploads\/2026\/04\/autobecchi.png 900w, https:\/\/www.kulturazilina.sk\/wp-content\/uploads\/2026\/04\/autobecchi-300x47.png 300w, https:\/\/www.kulturazilina.sk\/wp-content\/uploads\/2026\/04\/autobecchi-768x119.png 768w, https:\/\/www.kulturazilina.sk\/wp-content\/uploads\/2026\/04\/autobecchi-18x3.png 18w\" sizes=\"(max-width: 900px) 100vw, 900px\" \/>\t\t\t\t\t\t\t\t\t\t\t\t\t\t\t<\/div>\n\t\t\t\t<div class=\"elementor-element elementor-element-1f055a5 elementor-widget elementor-widget-image\" data-id=\"1f055a5\" data-element_type=\"widget\" data-e-type=\"widget\" data-widget_type=\"image.default\">\n\t\t\t\t\t\t\t\t\t\t\t\t\t\t\t<img decoding=\"async\" width=\"682\" height=\"272\" data-src=\"https:\/\/www.kulturazilina.sk\/wp-content\/uploads\/2026\/04\/Snimka-obrazovky-2026-04-17-o-9.32.20-\u2013-upravene.png\" class=\"attachment-full size-full wp-image-2551 lazyload\" alt=\"\" data-srcset=\"https:\/\/www.kulturazilina.sk\/wp-content\/uploads\/2026\/04\/Snimka-obrazovky-2026-04-17-o-9.32.20-\u2013-upravene.png 682w, https:\/\/www.kulturazilina.sk\/wp-content\/uploads\/2026\/04\/Snimka-obrazovky-2026-04-17-o-9.32.20-\u2013-upravene-300x120.png 300w, https:\/\/www.kulturazilina.sk\/wp-content\/uploads\/2026\/04\/Snimka-obrazovky-2026-04-17-o-9.32.20-\u2013-upravene-18x7.png 18w\" data-sizes=\"(max-width: 682px) 100vw, 682px\" src=\"data:image\/svg+xml;base64,PHN2ZyB3aWR0aD0iMSIgaGVpZ2h0PSIxIiB4bWxucz0iaHR0cDovL3d3dy53My5vcmcvMjAwMC9zdmciPjwvc3ZnPg==\" style=\"--smush-placeholder-width: 682px; --smush-placeholder-aspect-ratio: 682\/272;\" \/>\t\t\t\t\t\t\t\t\t\t\t\t\t\t\t<\/div>\n\t\t\t\t<div class=\"elementor-element elementor-element-625c390 elementor-widget elementor-widget-image\" data-id=\"625c390\" data-element_type=\"widget\" data-e-type=\"widget\" data-widget_type=\"image.default\">\n\t\t\t\t\t\t\t\t\t\t\t\t\t\t\t<img decoding=\"async\" width=\"1426\" height=\"713\" data-src=\"https:\/\/www.kulturazilina.sk\/wp-content\/uploads\/2026\/04\/finalcd31.png\" class=\"attachment-full size-full wp-image-2591 lazyload\" alt=\"\" data-srcset=\"https:\/\/www.kulturazilina.sk\/wp-content\/uploads\/2026\/04\/finalcd31.png 1426w, https:\/\/www.kulturazilina.sk\/wp-content\/uploads\/2026\/04\/finalcd31-300x150.png 300w, https:\/\/www.kulturazilina.sk\/wp-content\/uploads\/2026\/04\/finalcd31-1024x512.png 1024w, https:\/\/www.kulturazilina.sk\/wp-content\/uploads\/2026\/04\/finalcd31-768x384.png 768w, https:\/\/www.kulturazilina.sk\/wp-content\/uploads\/2026\/04\/finalcd31-18x9.png 18w\" data-sizes=\"(max-width: 1426px) 100vw, 1426px\" src=\"data:image\/svg+xml;base64,PHN2ZyB3aWR0aD0iMSIgaGVpZ2h0PSIxIiB4bWxucz0iaHR0cDovL3d3dy53My5vcmcvMjAwMC9zdmciPjwvc3ZnPg==\" style=\"--smush-placeholder-width: 1426px; --smush-placeholder-aspect-ratio: 1426\/713;\" \/>\t\t\t\t\t\t\t\t\t\t\t\t\t\t\t<\/div>\n\t\t\t\t\t<\/div>\n\t\t\t\t<\/div>\n\t\t<div class=\"elementor-element elementor-element-fb9f5ac e-flex e-con-boxed e-con e-parent\" data-id=\"fb9f5ac\" data-element_type=\"container\" data-e-type=\"container\">\n\t\t\t\t\t<div class=\"e-con-inner\">\n\t\t\t\t<div class=\"elementor-element elementor-element-85e1352 elementor-widget elementor-widget-heading\" data-id=\"85e1352\" data-element_type=\"widget\" data-e-type=\"widget\" data-widget_type=\"heading.default\">\n\t\t\t\t\t<h2 class=\"elementor-heading-title elementor-size-default\">Hlavn\u00ed partneri\n<\/h2>\t\t\t\t<\/div>\n\t\t\t\t\t<\/div>\n\t\t\t\t<\/div>\n\t\t<div class=\"elementor-element elementor-element-864f92c e-grid e-con-boxed e-con e-parent\" data-id=\"864f92c\" data-element_type=\"container\" data-e-type=\"container\">\n\t\t\t\t\t<div class=\"e-con-inner\">\n\t\t\t\t<div class=\"elementor-element elementor-element-a6b6d3d elementor-widget elementor-widget-image\" data-id=\"a6b6d3d\" data-element_type=\"widget\" data-e-type=\"widget\" data-widget_type=\"image.default\">\n\t\t\t\t\t\t\t\t\t\t\t\t\t\t\t<img decoding=\"async\" width=\"960\" height=\"136\" data-src=\"https:\/\/www.kulturazilina.sk\/wp-content\/uploads\/2026\/04\/logo-ARICOMA-modra.png\" class=\"attachment-full size-full wp-image-2589 lazyload\" alt=\"\" data-srcset=\"https:\/\/www.kulturazilina.sk\/wp-content\/uploads\/2026\/04\/logo-ARICOMA-modra.png 960w, https:\/\/www.kulturazilina.sk\/wp-content\/uploads\/2026\/04\/logo-ARICOMA-modra-300x43.png 300w, https:\/\/www.kulturazilina.sk\/wp-content\/uploads\/2026\/04\/logo-ARICOMA-modra-768x109.png 768w, https:\/\/www.kulturazilina.sk\/wp-content\/uploads\/2026\/04\/logo-ARICOMA-modra-18x3.png 18w\" data-sizes=\"(max-width: 960px) 100vw, 960px\" src=\"data:image\/svg+xml;base64,PHN2ZyB3aWR0aD0iMSIgaGVpZ2h0PSIxIiB4bWxucz0iaHR0cDovL3d3dy53My5vcmcvMjAwMC9zdmciPjwvc3ZnPg==\" style=\"--smush-placeholder-width: 960px; --smush-placeholder-aspect-ratio: 960\/136;\" \/>\t\t\t\t\t\t\t\t\t\t\t\t\t\t\t<\/div>\n\t\t\t\t<div class=\"elementor-element elementor-element-514391a elementor-widget elementor-widget-image\" data-id=\"514391a\" data-element_type=\"widget\" data-e-type=\"widget\" data-widget_type=\"image.default\">\n\t\t\t\t\t\t\t\t\t\t\t\t\t\t\t<img decoding=\"async\" width=\"758\" height=\"414\" data-src=\"https:\/\/www.kulturazilina.sk\/wp-content\/uploads\/2026\/04\/Snimka-obrazovky-2026-04-25-o-11.32.52.png\" class=\"attachment-full size-full wp-image-2592 lazyload\" alt=\"\" data-srcset=\"https:\/\/www.kulturazilina.sk\/wp-content\/uploads\/2026\/04\/Snimka-obrazovky-2026-04-25-o-11.32.52.png 758w, https:\/\/www.kulturazilina.sk\/wp-content\/uploads\/2026\/04\/Snimka-obrazovky-2026-04-25-o-11.32.52-300x164.png 300w, https:\/\/www.kulturazilina.sk\/wp-content\/uploads\/2026\/04\/Snimka-obrazovky-2026-04-25-o-11.32.52-18x10.png 18w\" data-sizes=\"(max-width: 758px) 100vw, 758px\" src=\"data:image\/svg+xml;base64,PHN2ZyB3aWR0aD0iMSIgaGVpZ2h0PSIxIiB4bWxucz0iaHR0cDovL3d3dy53My5vcmcvMjAwMC9zdmciPjwvc3ZnPg==\" style=\"--smush-placeholder-width: 758px; --smush-placeholder-aspect-ratio: 758\/414;\" \/>\t\t\t\t\t\t\t\t\t\t\t\t\t\t\t<\/div>\n\t\t\t\t\t<\/div>\n\t\t\t\t<\/div>\n\t\t<div class=\"elementor-element elementor-element-585b9e0 e-flex e-con-boxed e-con e-parent\" data-id=\"585b9e0\" data-element_type=\"container\" data-e-type=\"container\">\n\t\t\t\t\t<div class=\"e-con-inner\">\n\t\t\t\t<div class=\"elementor-element elementor-element-58bbaee elementor-widget elementor-widget-heading\" data-id=\"58bbaee\" data-element_type=\"widget\" data-e-type=\"widget\" data-widget_type=\"heading.default\">\n\t\t\t\t\t<h2 class=\"elementor-heading-title elementor-size-default\">Individu\u00e1lni partneri\n<\/h2>\t\t\t\t<\/div>\n\t\t\t\t\t<\/div>\n\t\t\t\t<\/div>\n\t\t<div class=\"elementor-element elementor-element-17c8d78 e-grid e-con-boxed e-con e-parent\" data-id=\"17c8d78\" data-element_type=\"container\" data-e-type=\"container\">\n\t\t\t\t\t<div class=\"e-con-inner\">\n\t\t\t\t<div class=\"elementor-element elementor-element-fa9f680 elementor-widget elementor-widget-image\" data-id=\"fa9f680\" data-element_type=\"widget\" data-e-type=\"widget\" data-widget_type=\"image.default\">\n\t\t\t\t\t\t\t\t\t\t\t\t\t\t\t<img decoding=\"async\" width=\"1280\" height=\"1280\" data-src=\"https:\/\/www.kulturazilina.sk\/wp-content\/uploads\/2026\/04\/299792068_540135201231248_385149781599012439_n.jpg\" class=\"attachment-full size-full wp-image-2618 lazyload\" alt=\"\" data-srcset=\"https:\/\/www.kulturazilina.sk\/wp-content\/uploads\/2026\/04\/299792068_540135201231248_385149781599012439_n.jpg 1280w, https:\/\/www.kulturazilina.sk\/wp-content\/uploads\/2026\/04\/299792068_540135201231248_385149781599012439_n-300x300.jpg 300w, https:\/\/www.kulturazilina.sk\/wp-content\/uploads\/2026\/04\/299792068_540135201231248_385149781599012439_n-1024x1024.jpg 1024w, https:\/\/www.kulturazilina.sk\/wp-content\/uploads\/2026\/04\/299792068_540135201231248_385149781599012439_n-150x150.jpg 150w, https:\/\/www.kulturazilina.sk\/wp-content\/uploads\/2026\/04\/299792068_540135201231248_385149781599012439_n-768x768.jpg 768w, https:\/\/www.kulturazilina.sk\/wp-content\/uploads\/2026\/04\/299792068_540135201231248_385149781599012439_n-12x12.jpg 12w\" data-sizes=\"(max-width: 1280px) 100vw, 1280px\" src=\"data:image\/svg+xml;base64,PHN2ZyB3aWR0aD0iMSIgaGVpZ2h0PSIxIiB4bWxucz0iaHR0cDovL3d3dy53My5vcmcvMjAwMC9zdmciPjwvc3ZnPg==\" style=\"--smush-placeholder-width: 1280px; --smush-placeholder-aspect-ratio: 1280\/1280;\" \/>\t\t\t\t\t\t\t\t\t\t\t\t\t\t\t<\/div>\n\t\t\t\t\t<\/div>\n\t\t\t\t<\/div>\n\t\t<div class=\"elementor-element elementor-element-9ae6263 e-flex e-con-boxed e-con e-parent\" data-id=\"9ae6263\" data-element_type=\"container\" data-e-type=\"container\">\n\t\t\t\t\t<div class=\"e-con-inner\">\n\t\t\t\t<div class=\"elementor-element elementor-element-672c6db elementor-widget elementor-widget-heading\" data-id=\"672c6db\" data-element_type=\"widget\" data-e-type=\"widget\" data-widget_type=\"heading.default\">\n\t\t\t\t\t<h2 class=\"elementor-heading-title elementor-size-default\">Medi\u00e1lni partneri<\/h2>\t\t\t\t<\/div>\n\t\t\t\t\t<\/div>\n\t\t\t\t<\/div>\n\t\t<div class=\"elementor-element elementor-element-c9163f2 e-grid e-con-boxed e-con e-parent\" data-id=\"c9163f2\" data-element_type=\"container\" data-e-type=\"container\">\n\t\t\t\t\t<div class=\"e-con-inner\">\n\t\t\t\t<div class=\"elementor-element elementor-element-4eb5a82 elementor-widget elementor-widget-image\" data-id=\"4eb5a82\" data-element_type=\"widget\" data-e-type=\"widget\" data-widget_type=\"image.default\">\n\t\t\t\t\t\t\t\t\t\t\t\t\t\t\t<img decoding=\"async\" width=\"2560\" height=\"692\" data-src=\"https:\/\/www.kulturazilina.sk\/wp-content\/uploads\/2026\/04\/R\u2020dio_Regina-STRED_LOGO_BLACK-scaled.png\" class=\"attachment-full size-full wp-image-2596 lazyload\" alt=\"\" data-srcset=\"https:\/\/www.kulturazilina.sk\/wp-content\/uploads\/2026\/04\/R\u2020dio_Regina-STRED_LOGO_BLACK-scaled.png 2560w, https:\/\/www.kulturazilina.sk\/wp-content\/uploads\/2026\/04\/R\u2020dio_Regina-STRED_LOGO_BLACK-300x81.png 300w, https:\/\/www.kulturazilina.sk\/wp-content\/uploads\/2026\/04\/R\u2020dio_Regina-STRED_LOGO_BLACK-1024x277.png 1024w, https:\/\/www.kulturazilina.sk\/wp-content\/uploads\/2026\/04\/R\u2020dio_Regina-STRED_LOGO_BLACK-768x208.png 768w, https:\/\/www.kulturazilina.sk\/wp-content\/uploads\/2026\/04\/R\u2020dio_Regina-STRED_LOGO_BLACK-1536x415.png 1536w, https:\/\/www.kulturazilina.sk\/wp-content\/uploads\/2026\/04\/R\u2020dio_Regina-STRED_LOGO_BLACK-2048x554.png 2048w, https:\/\/www.kulturazilina.sk\/wp-content\/uploads\/2026\/04\/R\u2020dio_Regina-STRED_LOGO_BLACK-18x5.png 18w\" data-sizes=\"(max-width: 2560px) 100vw, 2560px\" src=\"data:image\/svg+xml;base64,PHN2ZyB3aWR0aD0iMSIgaGVpZ2h0PSIxIiB4bWxucz0iaHR0cDovL3d3dy53My5vcmcvMjAwMC9zdmciPjwvc3ZnPg==\" style=\"--smush-placeholder-width: 2560px; --smush-placeholder-aspect-ratio: 2560\/692;\" \/>\t\t\t\t\t\t\t\t\t\t\t\t\t\t\t<\/div>\n\t\t\t\t\t<\/div>\n\t\t\t\t<\/div>\n\t\t\t\t<\/div>","protected":false},"excerpt":{"rendered":"<p>Partneri Gener\u00e1lni partneri Final CD je stabiln\u00e1 slovensk\u00e1 spolo\u010dnos\u0165 s dlhoro\u010dn\u00fdm p\u00f4soben\u00edm v oblasti predaja a servisu automobilov. Na trhu p\u00f4sob\u00ed u\u017e 33 rokov a profiluje sa ako najv\u00e4\u010d\u0161\u00ed slovensk\u00fd [&hellip;]<\/p>\n","protected":false},"author":1,"featured_media":0,"parent":0,"menu_order":0,"comment_status":"closed","ping_status":"closed","template":"elementor_header_footer","meta":{"_acf_changed":false,"footnotes":""},"class_list":["post-1434","page","type-page","status-publish","hentry"],"acf":[],"_links":{"self":[{"href":"https:\/\/www.kulturazilina.sk\/en\/wp-json\/wp\/v2\/pages\/1434","targetHints":{"allow":["GET"]}}],"collection":[{"href":"https:\/\/www.kulturazilina.sk\/en\/wp-json\/wp\/v2\/pages"}],"about":[{"href":"https:\/\/www.kulturazilina.sk\/en\/wp-json\/wp\/v2\/types\/page"}],"author":[{"embeddable":true,"href":"https:\/\/www.kulturazilina.sk\/en\/wp-json\/wp\/v2\/users\/1"}],"replies":[{"embeddable":true,"href":"https:\/\/www.kulturazilina.sk\/en\/wp-json\/wp\/v2\/comments?post=1434"}],"version-history":[{"count":37,"href":"https:\/\/www.kulturazilina.sk\/en\/wp-json\/wp\/v2\/pages\/1434\/revisions"}],"predecessor-version":[{"id":2621,"href":"https:\/\/www.kulturazilina.sk\/en\/wp-json\/wp\/v2\/pages\/1434\/revisions\/2621"}],"wp:attachment":[{"href":"https:\/\/www.kulturazilina.sk\/en\/wp-json\/wp\/v2\/media?parent=1434"}],"curies":[{"name":"wp","href":"https:\/\/api.w.org\/{rel}","templated":true}]}}