{"id":1285,"date":"2026-02-25T12:01:26","date_gmt":"2026-02-25T11:01:26","guid":{"rendered":"https:\/\/www.kulturazilina.sk\/?page_id=1285"},"modified":"2026-03-04T12:18:55","modified_gmt":"2026-03-04T11:18:55","slug":"o-nas","status":"publish","type":"page","link":"https:\/\/www.kulturazilina.sk\/en\/o-nas\/","title":{"rendered":"O n\u00e1s"},"content":{"rendered":"\t\t<div data-elementor-type=\"wp-page\" data-elementor-id=\"1285\" class=\"elementor elementor-1285\" data-elementor-post-type=\"page\">\n\t\t\t\t<div class=\"elementor-element elementor-element-72d58d5 e-flex e-con-boxed e-con e-parent\" data-id=\"72d58d5\" data-element_type=\"container\" data-e-type=\"container\" data-settings=\"{&quot;background_background&quot;:&quot;classic&quot;}\">\n\t\t\t\t\t<div class=\"e-con-inner\">\n\t\t<div class=\"elementor-element elementor-element-9e0be2c e-con-full e-flex e-con e-child\" data-id=\"9e0be2c\" data-element_type=\"container\" data-e-type=\"container\">\n\t\t\t\t<div class=\"elementor-element elementor-element-c35190a elementor-widget elementor-widget-heading\" data-id=\"c35190a\" data-element_type=\"widget\" data-e-type=\"widget\" data-widget_type=\"heading.default\">\n\t\t\t\t\t<h2 class=\"elementor-heading-title elementor-size-default\">O n\u00e1s<\/h2>\t\t\t\t<\/div>\n\t\t\t\t<\/div>\n\t\t<div class=\"elementor-element elementor-element-e0c0811 e-con-full e-flex e-con e-child\" data-id=\"e0c0811\" data-element_type=\"container\" data-e-type=\"container\">\n\t\t\t\t<div class=\"elementor-element elementor-element-986fb72 elementor-hidden-mobile elementor-widget elementor-widget-image\" data-id=\"986fb72\" data-element_type=\"widget\" data-e-type=\"widget\" data-widget_type=\"image.default\">\n\t\t\t\t\t\t\t\t\t\t\t\t\t\t\t<img fetchpriority=\"high\" decoding=\"async\" width=\"1620\" height=\"1080\" src=\"https:\/\/www.kulturazilina.sk\/wp-content\/uploads\/2026\/01\/L1009701L1009701.jpg\" class=\"attachment-full size-full wp-image-560\" alt=\"\" srcset=\"https:\/\/www.kulturazilina.sk\/wp-content\/uploads\/2026\/01\/L1009701L1009701.jpg 1620w, https:\/\/www.kulturazilina.sk\/wp-content\/uploads\/2026\/01\/L1009701L1009701-300x200.jpg 300w, https:\/\/www.kulturazilina.sk\/wp-content\/uploads\/2026\/01\/L1009701L1009701-1024x683.jpg 1024w, https:\/\/www.kulturazilina.sk\/wp-content\/uploads\/2026\/01\/L1009701L1009701-768x512.jpg 768w, https:\/\/www.kulturazilina.sk\/wp-content\/uploads\/2026\/01\/L1009701L1009701-1536x1024.jpg 1536w, https:\/\/www.kulturazilina.sk\/wp-content\/uploads\/2026\/01\/L1009701L1009701-18x12.jpg 18w\" sizes=\"(max-width: 1620px) 100vw, 1620px\" \/>\t\t\t\t\t\t\t\t\t\t\t\t\t\t\t<\/div>\n\t\t\t\t<\/div>\n\t\t\t\t\t<\/div>\n\t\t\t\t<\/div>\n\t\t<div class=\"elementor-element elementor-element-337a7ab e-flex e-con-boxed e-con e-parent\" data-id=\"337a7ab\" data-element_type=\"container\" data-e-type=\"container\">\n\t\t\t\t\t<div class=\"e-con-inner\">\n\t\t<div class=\"elementor-element elementor-element-4abee43 e-con-full e-flex e-con e-child\" data-id=\"4abee43\" data-element_type=\"container\" data-e-type=\"container\">\n\t\t\t\t<div class=\"elementor-element elementor-element-ae253ed elementor-widget elementor-widget-image\" data-id=\"ae253ed\" data-element_type=\"widget\" data-e-type=\"widget\" data-widget_type=\"image.default\">\n\t\t\t\t\t\t\t\t\t\t\t\t\t\t\t<img decoding=\"async\" width=\"1500\" height=\"900\" data-src=\"https:\/\/www.kulturazilina.sk\/wp-content\/uploads\/2026\/01\/3-2.png\" class=\"attachment-full size-full wp-image-445 lazyload\" alt=\"\" data-srcset=\"https:\/\/www.kulturazilina.sk\/wp-content\/uploads\/2026\/01\/3-2.png 1500w, https:\/\/www.kulturazilina.sk\/wp-content\/uploads\/2026\/01\/3-2-300x180.png 300w, https:\/\/www.kulturazilina.sk\/wp-content\/uploads\/2026\/01\/3-2-1024x614.png 1024w, https:\/\/www.kulturazilina.sk\/wp-content\/uploads\/2026\/01\/3-2-768x461.png 768w, https:\/\/www.kulturazilina.sk\/wp-content\/uploads\/2026\/01\/3-2-18x12.png 18w\" data-sizes=\"(max-width: 1500px) 100vw, 1500px\" src=\"data:image\/svg+xml;base64,PHN2ZyB3aWR0aD0iMSIgaGVpZ2h0PSIxIiB4bWxucz0iaHR0cDovL3d3dy53My5vcmcvMjAwMC9zdmciPjwvc3ZnPg==\" style=\"--smush-placeholder-width: 1500px; --smush-placeholder-aspect-ratio: 1500\/900;\" \/>\t\t\t\t\t\t\t\t\t\t\t\t\t\t\t<\/div>\n\t\t\t\t<\/div>\n\t\t<div class=\"elementor-element elementor-element-2597a16 e-con-full e-flex e-con e-child\" data-id=\"2597a16\" data-element_type=\"container\" data-e-type=\"container\">\n\t\t\t\t<div class=\"elementor-element elementor-element-995bb21 elementor-widget elementor-widget-heading\" data-id=\"995bb21\" data-element_type=\"widget\" data-e-type=\"widget\" data-widget_type=\"heading.default\">\n\t\t\t\t\t<h2 class=\"elementor-heading-title elementor-size-default\">Kto sme?\n<\/h2>\t\t\t\t<\/div>\n\t\t\t\t<div class=\"elementor-element elementor-element-795ac9c elementor-widget__width-initial elementor-widget elementor-widget-text-editor\" data-id=\"795ac9c\" data-element_type=\"widget\" data-e-type=\"widget\" data-widget_type=\"text-editor.default\">\n\t\t\t\t\t\t\t\t\t<p data-start=\"14\" data-end=\"282\">Sme Mestsk\u00e1 kult\u00fara \u017dilina \u2013 organiz\u00e1cia, ktor\u00e1 prin\u00e1\u0161a kult\u00faru priamo do ul\u00edc, n\u00e1mest\u00ed a verejn\u00fdch priestorov mesta. Na\u0161ou \u00falohou je o\u017eivova\u0165 \u017dilinu kult\u00farnym programom, prep\u00e1ja\u0165 \u013eud\u00ed, komunitu a partnerov a vytv\u00e1ra\u0165 podujatia, ktor\u00e9 s\u00fa dostupn\u00e9 pre v\u0161etky gener\u00e1cie.<\/p>\t\t\t\t\t\t\t\t<\/div>\n\t\t\t\t<\/div>\n\t\t\t\t\t<\/div>\n\t\t\t\t<\/div>\n\t\t<div class=\"elementor-element elementor-element-c709542 elementor-hidden-mobile e-flex e-con-boxed e-con e-parent\" data-id=\"c709542\" data-element_type=\"container\" data-e-type=\"container\">\n\t\t\t\t\t<div class=\"e-con-inner\">\n\t\t<div class=\"elementor-element elementor-element-d4c9223 e-con-full e-flex e-con e-child\" data-id=\"d4c9223\" data-element_type=\"container\" data-e-type=\"container\">\n\t\t\t\t<div class=\"elementor-element elementor-element-0ed3656 elementor-widget elementor-widget-heading\" data-id=\"0ed3656\" data-element_type=\"widget\" data-e-type=\"widget\" data-widget_type=\"heading.default\">\n\t\t\t\t\t<h2 class=\"elementor-heading-title elementor-size-default\">\u010co rob\u00edme?\n<\/h2>\t\t\t\t<\/div>\n\t\t\t\t<div class=\"elementor-element elementor-element-0102f93 elementor-widget__width-initial elementor-widget elementor-widget-text-editor\" data-id=\"0102f93\" data-element_type=\"widget\" data-e-type=\"widget\" data-widget_type=\"text-editor.default\">\n\t\t\t\t\t\t\t\t\t<div class=\"flex flex-col text-sm pb-25\"><article class=\"text-token-text-primary w-full focus:outline-none [--shadow-height:45px] has-data-writing-block:pointer-events-none has-data-writing-block:-mt-(--shadow-height) has-data-writing-block:pt-(--shadow-height) [&amp;:has([data-writing-block])&gt;*]:pointer-events-auto scroll-mt-[calc(var(--header-height)+min(200px,max(70px,20svh)))]\" dir=\"auto\" tabindex=\"-1\" data-turn-id=\"request-69805a96-fc28-838f-8de2-df17dd6ac1cb-6\" data-testid=\"conversation-turn-276\" data-scroll-anchor=\"true\" data-turn=\"assistant\"><div class=\"text-base my-auto mx-auto pb-10 [--thread-content-margin:--spacing(4)] @w-sm\/main:[--thread-content-margin:--spacing(6)] @w-lg\/main:[--thread-content-margin:--spacing(16)] px-(--thread-content-margin)\"><div class=\"[--thread-content-max-width:40rem] @w-lg\/main:[--thread-content-max-width:48rem] mx-auto max-w-(--thread-content-max-width) flex-1 group\/turn-messages focus-visible:outline-hidden relative flex w-full min-w-0 flex-col agent-turn\" tabindex=\"-1\"><div class=\"flex max-w-full flex-col grow\"><div class=\"min-h-8 text-message relative flex w-full flex-col items-end gap-2 text-start break-words whitespace-normal [.text-message+&amp;]:mt-1\" dir=\"auto\" data-message-author-role=\"assistant\" data-message-id=\"3b94a15f-359c-45e9-8275-c05b29881737\" data-message-model-slug=\"gpt-5-2-thinking\"><div class=\"flex w-full flex-col gap-1 empty:hidden first:pt-[1px]\"><div class=\"markdown prose dark:prose-invert w-full wrap-break-word dark markdown-new-styling\"><p data-start=\"300\" data-end=\"590\">Organizujeme a podporujeme kult\u00farne podujatia vo verejnom priestore \u017diliny. Pripravujeme a realizujeme program <strong data-start=\"411\" data-end=\"544\">Fa\u0161iangov v meste, Staromestsk\u00fdch sl\u00e1vnost\u00ed, D\u0148a det\u00ed, \u017dilinsk\u00e9ho kult\u00farneho leta, Viano\u010dn\u00fdch trhov, Mikul\u00e1\u0161a v meste a Silvestra<\/strong>. Sleduj program a pr\u00ed\u010f za\u017ei\u0165 kult\u00faru v meste.<\/p><\/div><\/div><\/div><\/div><\/div><\/div><\/article><\/div>\t\t\t\t\t\t\t\t<\/div>\n\t\t\t\t<\/div>\n\t\t<div class=\"elementor-element elementor-element-4d76115 e-con-full e-flex e-con e-child\" data-id=\"4d76115\" data-element_type=\"container\" data-e-type=\"container\">\n\t\t\t\t<div class=\"elementor-element elementor-element-08ad893 elementor-widget elementor-widget-image\" data-id=\"08ad893\" data-element_type=\"widget\" data-e-type=\"widget\" data-widget_type=\"image.default\">\n\t\t\t\t\t\t\t\t\t\t\t\t\t\t\t<img decoding=\"async\" width=\"1500\" height=\"750\" data-src=\"https:\/\/www.kulturazilina.sk\/wp-content\/uploads\/2026\/01\/2.png\" class=\"attachment-full size-full wp-image-432 lazyload\" alt=\"\" data-srcset=\"https:\/\/www.kulturazilina.sk\/wp-content\/uploads\/2026\/01\/2.png 1500w, https:\/\/www.kulturazilina.sk\/wp-content\/uploads\/2026\/01\/2-300x150.png 300w, https:\/\/www.kulturazilina.sk\/wp-content\/uploads\/2026\/01\/2-1024x512.png 1024w, https:\/\/www.kulturazilina.sk\/wp-content\/uploads\/2026\/01\/2-768x384.png 768w, https:\/\/www.kulturazilina.sk\/wp-content\/uploads\/2026\/01\/2-18x9.png 18w\" data-sizes=\"(max-width: 1500px) 100vw, 1500px\" src=\"data:image\/svg+xml;base64,PHN2ZyB3aWR0aD0iMSIgaGVpZ2h0PSIxIiB4bWxucz0iaHR0cDovL3d3dy53My5vcmcvMjAwMC9zdmciPjwvc3ZnPg==\" style=\"--smush-placeholder-width: 1500px; --smush-placeholder-aspect-ratio: 1500\/750;\" \/>\t\t\t\t\t\t\t\t\t\t\t\t\t\t\t<\/div>\n\t\t\t\t<\/div>\n\t\t\t\t\t<\/div>\n\t\t\t\t<\/div>\n\t\t<div class=\"elementor-element elementor-element-3a25939 elementor-hidden-widescreen elementor-hidden-desktop elementor-hidden-laptop elementor-hidden-tablet_extra elementor-hidden-tablet elementor-hidden-mobile_extra e-flex e-con-boxed e-con e-parent\" data-id=\"3a25939\" data-element_type=\"container\" data-e-type=\"container\">\n\t\t\t\t\t<div class=\"e-con-inner\">\n\t\t<div class=\"elementor-element elementor-element-12c1009 e-con-full e-flex e-con e-child\" data-id=\"12c1009\" data-element_type=\"container\" data-e-type=\"container\">\n\t\t\t\t<div class=\"elementor-element elementor-element-47d23dc elementor-widget elementor-widget-heading\" data-id=\"47d23dc\" data-element_type=\"widget\" data-e-type=\"widget\" data-widget_type=\"heading.default\">\n\t\t\t\t\t<h2 class=\"elementor-heading-title elementor-size-default\">\u010co rob\u00edme?\n<\/h2>\t\t\t\t<\/div>\n\t\t\t\t<div class=\"elementor-element elementor-element-f16b616 elementor-widget__width-initial elementor-widget elementor-widget-text-editor\" data-id=\"f16b616\" data-element_type=\"widget\" data-e-type=\"widget\" data-widget_type=\"text-editor.default\">\n\t\t\t\t\t\t\t\t\t<div class=\"flex flex-col text-sm pb-25\"><article class=\"text-token-text-primary w-full focus:outline-none [--shadow-height:45px] has-data-writing-block:pointer-events-none has-data-writing-block:-mt-(--shadow-height) has-data-writing-block:pt-(--shadow-height) [&amp;:has([data-writing-block])&gt;*]:pointer-events-auto scroll-mt-[calc(var(--header-height)+min(200px,max(70px,20svh)))]\" dir=\"auto\" tabindex=\"-1\" data-turn-id=\"request-69805a96-fc28-838f-8de2-df17dd6ac1cb-6\" data-testid=\"conversation-turn-276\" data-scroll-anchor=\"true\" data-turn=\"assistant\"><div class=\"text-base my-auto mx-auto pb-10 [--thread-content-margin:--spacing(4)] @w-sm\/main:[--thread-content-margin:--spacing(6)] @w-lg\/main:[--thread-content-margin:--spacing(16)] px-(--thread-content-margin)\"><div class=\"[--thread-content-max-width:40rem] @w-lg\/main:[--thread-content-max-width:48rem] mx-auto max-w-(--thread-content-max-width) flex-1 group\/turn-messages focus-visible:outline-hidden relative flex w-full min-w-0 flex-col agent-turn\" tabindex=\"-1\"><div class=\"flex max-w-full flex-col grow\"><div class=\"min-h-8 text-message relative flex w-full flex-col items-end gap-2 text-start break-words whitespace-normal [.text-message+&amp;]:mt-1\" dir=\"auto\" data-message-author-role=\"assistant\" data-message-id=\"3b94a15f-359c-45e9-8275-c05b29881737\" data-message-model-slug=\"gpt-5-2-thinking\"><div class=\"flex w-full flex-col gap-1 empty:hidden first:pt-[1px]\"><div class=\"markdown prose dark:prose-invert w-full wrap-break-word dark markdown-new-styling\"><p data-start=\"300\" data-end=\"590\">Organizujeme a podporujeme kult\u00farne podujatia vo verejnom priestore \u017diliny. Pripravujeme a realizujeme program <strong data-start=\"411\" data-end=\"544\">Fa\u0161iangov v meste, Staromestsk\u00fdch sl\u00e1vnost\u00ed, D\u0148a det\u00ed, \u017dilinsk\u00e9ho kult\u00farneho leta, Viano\u010dn\u00fdch trhov, Mikul\u00e1\u0161a v meste a Silvestra<\/strong>. Sleduj program a pr\u00ed\u010f za\u017ei\u0165 kult\u00faru v meste.<\/p><\/div><\/div><\/div><\/div><\/div><\/div><\/article><\/div>\t\t\t\t\t\t\t\t<\/div>\n\t\t\t\t<\/div>\n\t\t<div class=\"elementor-element elementor-element-ea33804 e-con-full e-flex e-con e-child\" data-id=\"ea33804\" data-element_type=\"container\" data-e-type=\"container\">\n\t\t\t\t<div class=\"elementor-element elementor-element-c22831e elementor-widget elementor-widget-image\" data-id=\"c22831e\" data-element_type=\"widget\" data-e-type=\"widget\" data-widget_type=\"image.default\">\n\t\t\t\t\t\t\t\t\t\t\t\t\t\t\t<img decoding=\"async\" width=\"1500\" height=\"750\" data-src=\"https:\/\/www.kulturazilina.sk\/wp-content\/uploads\/2026\/01\/2.png\" class=\"attachment-full size-full wp-image-432 lazyload\" alt=\"\" data-srcset=\"https:\/\/www.kulturazilina.sk\/wp-content\/uploads\/2026\/01\/2.png 1500w, https:\/\/www.kulturazilina.sk\/wp-content\/uploads\/2026\/01\/2-300x150.png 300w, https:\/\/www.kulturazilina.sk\/wp-content\/uploads\/2026\/01\/2-1024x512.png 1024w, https:\/\/www.kulturazilina.sk\/wp-content\/uploads\/2026\/01\/2-768x384.png 768w, https:\/\/www.kulturazilina.sk\/wp-content\/uploads\/2026\/01\/2-18x9.png 18w\" data-sizes=\"(max-width: 1500px) 100vw, 1500px\" src=\"data:image\/svg+xml;base64,PHN2ZyB3aWR0aD0iMSIgaGVpZ2h0PSIxIiB4bWxucz0iaHR0cDovL3d3dy53My5vcmcvMjAwMC9zdmciPjwvc3ZnPg==\" style=\"--smush-placeholder-width: 1500px; --smush-placeholder-aspect-ratio: 1500\/750;\" \/>\t\t\t\t\t\t\t\t\t\t\t\t\t\t\t<\/div>\n\t\t\t\t<\/div>\n\t\t\t\t\t<\/div>\n\t\t\t\t<\/div>\n\t\t\t\t<\/div>\n\t\t","protected":false},"excerpt":{"rendered":"<p>O n\u00e1s Kto sme? Sme Mestsk\u00e1 kult\u00fara \u017dilina \u2013 organiz\u00e1cia, ktor\u00e1 prin\u00e1\u0161a kult\u00faru priamo do ul\u00edc, n\u00e1mest\u00ed a verejn\u00fdch priestorov mesta. Na\u0161ou \u00falohou je o\u017eivova\u0165 \u017dilinu kult\u00farnym programom, prep\u00e1ja\u0165 \u013eud\u00ed, [&hellip;]<\/p>\n","protected":false},"author":1,"featured_media":0,"parent":0,"menu_order":0,"comment_status":"closed","ping_status":"closed","template":"elementor_header_footer","meta":{"_acf_changed":false,"footnotes":""},"class_list":["post-1285","page","type-page","status-publish","hentry"],"acf":[],"_links":{"self":[{"href":"https:\/\/www.kulturazilina.sk\/en\/wp-json\/wp\/v2\/pages\/1285","targetHints":{"allow":["GET"]}}],"collection":[{"href":"https:\/\/www.kulturazilina.sk\/en\/wp-json\/wp\/v2\/pages"}],"about":[{"href":"https:\/\/www.kulturazilina.sk\/en\/wp-json\/wp\/v2\/types\/page"}],"author":[{"embeddable":true,"href":"https:\/\/www.kulturazilina.sk\/en\/wp-json\/wp\/v2\/users\/1"}],"replies":[{"embeddable":true,"href":"https:\/\/www.kulturazilina.sk\/en\/wp-json\/wp\/v2\/comments?post=1285"}],"version-history":[{"count":34,"href":"https:\/\/www.kulturazilina.sk\/en\/wp-json\/wp\/v2\/pages\/1285\/revisions"}],"predecessor-version":[{"id":1650,"href":"https:\/\/www.kulturazilina.sk\/en\/wp-json\/wp\/v2\/pages\/1285\/revisions\/1650"}],"wp:attachment":[{"href":"https:\/\/www.kulturazilina.sk\/en\/wp-json\/wp\/v2\/media?parent=1285"}],"curies":[{"name":"wp","href":"https:\/\/api.w.org\/{rel}","templated":true}]}}